{"id":143,"date":"2023-09-25T11:40:02","date_gmt":"2023-09-25T14:40:02","guid":{"rendered":"https:\/\/qloja.quallitypsi.com.br\/?post_type=product&#038;p=143"},"modified":"2023-11-30T15:06:28","modified_gmt":"2023-11-30T18:06:28","slug":"avaliacao-de-curriculo-pela-equipe-do-qvagas-intermediario","status":"publish","type":"product","link":"https:\/\/qloja.quallitypsi.com.br\/index.php\/produto\/avaliacao-de-curriculo-pela-equipe-do-qvagas-intermediario\/","title":{"rendered":"Avalia\u00e7\u00e3o de Curr\u00edculo pela Equipe do QVagas (Intermedi\u00e1rio)"},"content":{"rendered":"<p>A Equipe do QVagas est\u00e1 oferecendo um servi\u00e7o online de <strong>Avalia\u00e7\u00e3o de Curr\u00edculo<\/strong>, projetado para destacar suas habilidades, experi\u00eancias e garantir que seu curr\u00edculo se destaque no competitivo mercado de trabalho.<\/p>\n<p><strong>Benef\u00edcios da Avalia\u00e7\u00e3o de Curr\u00edculo:<\/strong><\/p>\n<ol>\n<li>Feedback personalizado da Equipe do QVagas.<\/li>\n<li>Sugest\u00f5es para otimizar e aprimorar seu curr\u00edculo.<\/li>\n<li>Destaque seus pontos fortes de maneira eficaz.<\/li>\n<li>Aumente suas chances de se destacar aos olhos dos recrutadores.<\/li>\n<li>Orienta\u00e7\u00e3o especializada para atingir seus objetivos profissionais.<\/li>\n<li>Curso sobre desenvolvimento de carreira.<\/li>\n<li>Atualiza\u00e7\u00e3o de curr\u00edculo.<\/li>\n<li>Viabilidade de seus dados com a vaga desejada.<\/li>\n<\/ol>\n<p><strong>Como Adquirir o Servi\u00e7o:<\/strong><\/p>\n<ol>\n<li>Finalize a compra com o pacote de Avalia\u00e7\u00e3o de Curr\u00edculo que melhor atende \u00e0s suas necessidades.<\/li>\n<li>Preencha o formul\u00e1rio enviado por e-mail de teste comportamental e coleta de informa\u00e7\u00f5es.<\/li>\n<li>Aguarde a confirma\u00e7\u00e3o da sua inscri\u00e7\u00e3o e instru\u00e7\u00f5es.<\/li>\n<\/ol>\n<p><strong>Observa\u00e7\u00f5es Importantes:<\/strong><\/p>\n<ul>\n<li>O servi\u00e7o de Avalia\u00e7\u00e3o do seu curr\u00edculo no site QVagas e seu Curr\u00edculo em PDF.<\/li>\n<li>Voc\u00ea ter\u00e1 uma reuni\u00e3o online de 1h com um dos nossos recrutadores para tirar d\u00favidas e efetiva\u00e7\u00e3o do servi\u00e7o adquirido.<\/li>\n<li>Garanta sua avalia\u00e7\u00e3o agora.<\/li>\n<li>Resultados comprovados na melhoria de curr\u00edculos e aumento de oportunidades profissionais.<\/li>\n<li>Satisfa\u00e7\u00e3o garantida ou seu dinheiro de volta.<\/li>\n<\/ul>\n<p>N\u00e3o perca a chance de elevar seu perfil profissional a novos patamares. Invista em sua carreira hoje mesmo com a Avalia\u00e7\u00e3o de Curr\u00edculo da Equipe do QVagas.<\/p>\n<p>Estamos ansiosos para fazer parte do seu sucesso profissional!<\/p>\n<p>&nbsp;<\/p>\n","protected":false},"excerpt":{"rendered":"<p>Avalia\u00e7\u00e3o de Curr\u00edculo pela Equipe do QVagas. O servi\u00e7o de Avalia\u00e7\u00e3o do seu curr\u00edculo no site QVagas e seu Curr\u00edculo em PDF. Voc\u00ea ter\u00e1 uma reuni\u00e3o online de 1h com um dos nossos recrutadores para tirar d\u00favidas e reformular seu curr\u00edculo no site e em PDF e muito mais.<\/p>\n","protected":false},"featured_media":152,"comment_status":"open","ping_status":"closed","template":"","meta":[],"product_cat":[36],"product_tag":[35],"class_list":{"0":"post-143","1":"product","2":"type-product","3":"status-publish","4":"has-post-thumbnail","6":"product_cat-produtos-qonline","7":"product_tag-produtos-qonline","9":"first","10":"instock","11":"virtual","12":"purchasable","13":"product-type-simple"},"_links":{"self":[{"href":"https:\/\/qloja.quallitypsi.com.br\/index.php\/wp-json\/wp\/v2\/product\/143","targetHints":{"allow":["GET"]}}],"collection":[{"href":"https:\/\/qloja.quallitypsi.com.br\/index.php\/wp-json\/wp\/v2\/product"}],"about":[{"href":"https:\/\/qloja.quallitypsi.com.br\/index.php\/wp-json\/wp\/v2\/types\/product"}],"replies":[{"embeddable":true,"href":"https:\/\/qloja.quallitypsi.com.br\/index.php\/wp-json\/wp\/v2\/comments?post=143"}],"wp:featuredmedia":[{"embeddable":true,"href":"https:\/\/qloja.quallitypsi.com.br\/index.php\/wp-json\/wp\/v2\/media\/152"}],"wp:attachment":[{"href":"https:\/\/qloja.quallitypsi.com.br\/index.php\/wp-json\/wp\/v2\/media?parent=143"}],"wp:term":[{"taxonomy":"product_cat","embeddable":true,"href":"https:\/\/qloja.quallitypsi.com.br\/index.php\/wp-json\/wp\/v2\/product_cat?post=143"},{"taxonomy":"product_tag","embeddable":true,"href":"https:\/\/qloja.quallitypsi.com.br\/index.php\/wp-json\/wp\/v2\/product_tag?post=143"}],"curies":[{"name":"wp","href":"https:\/\/api.w.org\/{rel}","templated":true}]}}